{"id":717,"date":"2016-07-18T09:05:13","date_gmt":"2016-07-18T09:05:13","guid":{"rendered":"https:\/\/www.mesmedikal.com.tr\/?page_id=717\/"},"modified":"2017-03-31T06:41:56","modified_gmt":"2017-03-31T06:41:56","slug":"bize-katilin","status":"publish","type":"page","link":"https:\/\/www.mesmedikal.com.tr\/en\/bize-katilin\/","title":{"rendered":"Bize Kat\u0131l\u0131n"},"content":{"rendered":"<div class=\"wpb-content-wrapper\"><p>[vc_row][vc_column width=&#8221;1\/2&#8243;][vc_images_carousel images=&#8221;917&#8243; img_size=&#8221;full&#8221; autoplay=&#8221;yes&#8221; title=&#8221;Bizimle \u00e7al\u0131\u015fmak ister misiniz?&#8221;][\/vc_column][vc_column width=&#8221;1\/2&#8243;][vc_message message_box_color=&#8221;turquoise&#8221;]L\u00fctfen <span style=\"color: #ff0000;\"><strong>info@mesmedikal.com.tr<\/strong><\/span>&#8216;ye \u00a0CV&#8217;nizi g\u00f6nderiniz.[\/vc_message][\/vc_column][\/vc_row]<\/p>\n<\/div>","protected":false},"excerpt":{"rendered":"<p>[vc_row][vc_column width=&#8221;1\/2&#8243;][vc_images_carousel images=&#8221;917&#8243; img_size=&#8221;full&#8221; autoplay=&#8221;yes&#8221; title=&#8221;Bizimle \u00e7al\u0131\u015fmak ister misiniz?&#8221;][\/vc_column][vc_column width=&#8221;1\/2&#8243;][vc_message message_box_color=&#8221;turquoise&#8221;]L\u00fctfen info@mesmedikal.com.tr&#8216;ye \u00a0CV&#8217;nizi g\u00f6nderiniz.[\/vc_message][\/vc_column][\/vc_row]<\/p>\n","protected":false},"author":5,"featured_media":0,"parent":0,"menu_order":0,"comment_status":"closed","ping_status":"closed","template":"","meta":{"footnotes":""},"class_list":["post-717","page","type-page","status-publish","hentry"],"_links":{"self":[{"href":"https:\/\/www.mesmedikal.com.tr\/en\/wp-json\/wp\/v2\/pages\/717","targetHints":{"allow":["GET"]}}],"collection":[{"href":"https:\/\/www.mesmedikal.com.tr\/en\/wp-json\/wp\/v2\/pages"}],"about":[{"href":"https:\/\/www.mesmedikal.com.tr\/en\/wp-json\/wp\/v2\/types\/page"}],"author":[{"embeddable":true,"href":"https:\/\/www.mesmedikal.com.tr\/en\/wp-json\/wp\/v2\/users\/5"}],"replies":[{"embeddable":true,"href":"https:\/\/www.mesmedikal.com.tr\/en\/wp-json\/wp\/v2\/comments?post=717"}],"version-history":[{"count":2,"href":"https:\/\/www.mesmedikal.com.tr\/en\/wp-json\/wp\/v2\/pages\/717\/revisions"}],"predecessor-version":[{"id":919,"href":"https:\/\/www.mesmedikal.com.tr\/en\/wp-json\/wp\/v2\/pages\/717\/revisions\/919"}],"wp:attachment":[{"href":"https:\/\/www.mesmedikal.com.tr\/en\/wp-json\/wp\/v2\/media?parent=717"}],"curies":[{"name":"wp","href":"https:\/\/api.w.org\/{rel}","templated":true}]}}